{"id":10,"date":"2023-11-16T15:15:16","date_gmt":"2023-11-16T19:15:16","guid":{"rendered":"https:\/\/colegiosixtomendez.cl\/?page_id=10"},"modified":"2025-03-14T08:19:48","modified_gmt":"2025-03-14T12:19:48","slug":"historia","status":"publish","type":"page","link":"https:\/\/www.colegiosixtomendez.cl\/?page_id=10","title":{"rendered":"Historia"},"content":{"rendered":"\t\t<div data-elementor-type=\"wp-page\" data-elementor-id=\"10\" class=\"elementor elementor-10\" data-elementor-post-type=\"page\">\n\t\t\t\t<div class=\"elementor-element elementor-element-be78de9 e-flex e-con-boxed e-con e-parent\" data-id=\"be78de9\" data-element_type=\"container\">\n\t\t\t\t\t<div class=\"e-con-inner\">\n\t\t\t\t<div class=\"elementor-element elementor-element-92fa5a2 elementor-skin-carousel elementor-arrows-yes elementor-pagination-type-bullets elementor-pagination-position-outside elementor-widget elementor-widget-media-carousel\" data-id=\"92fa5a2\" data-element_type=\"widget\" data-settings=\"{&quot;skin&quot;:&quot;carousel&quot;,&quot;effect&quot;:&quot;slide&quot;,&quot;show_arrows&quot;:&quot;yes&quot;,&quot;pagination&quot;:&quot;bullets&quot;,&quot;speed&quot;:500,&quot;autoplay&quot;:&quot;yes&quot;,&quot;autoplay_speed&quot;:5000,&quot;loop&quot;:&quot;yes&quot;,&quot;pause_on_hover&quot;:&quot;yes&quot;,&quot;pause_on_interaction&quot;:&quot;yes&quot;,&quot;space_between&quot;:{&quot;unit&quot;:&quot;px&quot;,&quot;size&quot;:10,&quot;sizes&quot;:[]},&quot;space_between_tablet&quot;:{&quot;unit&quot;:&quot;px&quot;,&quot;size&quot;:10,&quot;sizes&quot;:[]},&quot;space_between_mobile&quot;:{&quot;unit&quot;:&quot;px&quot;,&quot;size&quot;:10,&quot;sizes&quot;:[]}}\" data-widget_type=\"media-carousel.default\">\n\t\t\t\t<div class=\"elementor-widget-container\">\n\t\t\t\t\t\t\t\t\t<div class=\"elementor-swiper\">\n\t\t\t\t\t<div class=\"elementor-main-swiper swiper\" role=\"region\" aria-roledescription=\"carousel\" aria-label=\"Slides\">\n\t\t\t\t<div class=\"swiper-wrapper\">\n\t\t\t\t\t\t\t\t\t\t\t<div class=\"swiper-slide\" role=\"group\" aria-roledescription=\"slide\">\n\t\t\t\t\t\t\t\t\t<div class=\"elementor-carousel-image\" role=\"img\" aria-label=\"Pasillo\" style=\"background-image: url(&#039;https:\/\/www.colegiosixtomendez.cl\/wp-content\/uploads\/2024\/08\/IMG_7489-scaled.jpg&#039;)\">\n\n\t\t\t\n\t\t\t\t\t<\/div>\n\t\t\t\t\t\t\t\t<\/div>\n\t\t\t\t\t\t\t\t\t\t\t<div class=\"swiper-slide\" role=\"group\" aria-roledescription=\"slide\">\n\t\t\t\t\t\t\t\t\t<div class=\"elementor-carousel-image\" role=\"img\" aria-label=\"principal (1)\" style=\"background-image: url(&#039;https:\/\/www.colegiosixtomendez.cl\/wp-content\/uploads\/2023\/11\/principal-1-scaled.jpg&#039;)\">\n\n\t\t\t\n\t\t\t\t\t<\/div>\n\t\t\t\t\t\t\t\t<\/div>\n\t\t\t\t\t\t\t\t\t\t\t<div class=\"swiper-slide\" role=\"group\" aria-roledescription=\"slide\">\n\t\t\t\t\t\t\t\t\t<div class=\"elementor-carousel-image\" role=\"img\" aria-label=\"especialidades\" style=\"background-image: url(&#039;https:\/\/www.colegiosixtomendez.cl\/wp-content\/uploads\/2024\/08\/especialidades.png&#039;)\">\n\n\t\t\t\n\t\t\t\t\t<\/div>\n\t\t\t\t\t\t\t\t<\/div>\n\t\t\t\t\t\t\t\t\t\t\t<div class=\"swiper-slide\" role=\"group\" aria-roledescription=\"slide\">\n\t\t\t\t\t\t\t\t\t<div class=\"elementor-carousel-image\" role=\"img\" aria-label=\"IMG_9352\" style=\"background-image: url(&#039;https:\/\/www.colegiosixtomendez.cl\/wp-content\/uploads\/2024\/09\/IMG_9352-scaled.jpg&#039;)\">\n\n\t\t\t\n\t\t\t\t\t<\/div>\n\t\t\t\t\t\t\t\t<\/div>\n\t\t\t\t\t\t\t\t\t\t\t<div class=\"swiper-slide\" role=\"group\" aria-roledescription=\"slide\">\n\t\t\t\t\t\t\t\t\t<div class=\"elementor-carousel-image\" role=\"img\" aria-label=\"tecnico-profesional\" style=\"background-image: url(&#039;https:\/\/www.colegiosixtomendez.cl\/wp-content\/uploads\/2024\/08\/tecnico-profesional.png&#039;)\">\n\n\t\t\t\n\t\t\t\t\t<\/div>\n\t\t\t\t\t\t\t\t<\/div>\n\t\t\t\t\t\t\t\t\t\t\t<div class=\"swiper-slide\" role=\"group\" aria-roledescription=\"slide\">\n\t\t\t\t\t\t\t\t\t<div class=\"elementor-carousel-image\" role=\"img\" aria-label=\"IMG_9357\" style=\"background-image: url(&#039;https:\/\/www.colegiosixtomendez.cl\/wp-content\/uploads\/2024\/09\/IMG_9357-scaled.jpg&#039;)\">\n\n\t\t\t\n\t\t\t\t\t<\/div>\n\t\t\t\t\t\t\t\t<\/div>\n\t\t\t\t\t\t\t\t\t<\/div>\n\t\t\t\t\t\t\t\t\t\t\t\t\t\t\t<div class=\"elementor-swiper-button elementor-swiper-button-prev\" role=\"button\" tabindex=\"0\" aria-label=\"Previous\">\n\t\t\t\t\t\t\t<svg aria-hidden=\"true\" class=\"e-font-icon-svg e-eicon-chevron-left\" viewBox=\"0 0 1000 1000\" xmlns=\"http:\/\/www.w3.org\/2000\/svg\"><path d=\"M646 125C629 125 613 133 604 142L308 442C296 454 292 471 292 487 292 504 296 521 308 533L604 854C617 867 629 875 646 875 663 875 679 871 692 858 704 846 713 829 713 812 713 796 708 779 692 767L438 487 692 225C700 217 708 204 708 187 708 171 704 154 692 142 675 129 663 125 646 125Z\"><\/path><\/svg>\t\t\t\t\t\t<\/div>\n\t\t\t\t\t\t<div class=\"elementor-swiper-button elementor-swiper-button-next\" role=\"button\" tabindex=\"0\" aria-label=\"Next\">\n\t\t\t\t\t\t\t<svg aria-hidden=\"true\" class=\"e-font-icon-svg e-eicon-chevron-right\" viewBox=\"0 0 1000 1000\" xmlns=\"http:\/\/www.w3.org\/2000\/svg\"><path d=\"M696 533C708 521 713 504 713 487 713 471 708 454 696 446L400 146C388 133 375 125 354 125 338 125 325 129 313 142 300 154 292 171 292 187 292 204 296 221 308 233L563 492 304 771C292 783 288 800 288 817 288 833 296 850 308 863 321 871 338 875 354 875 371 875 388 867 400 854L696 533Z\"><\/path><\/svg>\t\t\t\t\t\t<\/div>\n\t\t\t\t\t\t\t\t\t\t\t\t\t\t\t\t<div class=\"swiper-pagination\"><\/div>\n\t\t\t\t\t\t\t\t\t\t\t\t<\/div>\n\t\t\t\t<\/div>\n\t\t\t\t\t\t\t\t<\/div>\n\t\t\t\t<\/div>\n\t\t\t\t\t<\/div>\n\t\t\t\t<\/div>\n\t\t<div class=\"elementor-element elementor-element-f34761e e-flex e-con-boxed e-con e-parent\" data-id=\"f34761e\" data-element_type=\"container\">\n\t\t\t\t\t<div class=\"e-con-inner\">\n\t\t\t\t<div class=\"elementor-element elementor-element-eff7706 elementor-drop-cap-yes elementor-drop-cap-view-default elementor-widget elementor-widget-text-editor\" data-id=\"eff7706\" data-element_type=\"widget\" data-settings=\"{&quot;drop_cap&quot;:&quot;yes&quot;}\" data-widget_type=\"text-editor.default\">\n\t\t\t\t<div class=\"elementor-widget-container\">\n\t\t\t\t\t\t\t\t\t<p>El Colegio Sixto M\u00e9ndez Parada se encuentra ubicado en la comuna de Graneros, Guillermo Berr\u00edos 236, Provincia de Cachapoal, Regi\u00f3n del Libertador Bernardo O\u2019Higgins. Su g\u00e9nesis se remonta al a\u00f1o 1899 y su objetivo era brindar, en una primera instancia, educaci\u00f3n de calidad a todo var\u00f3n de la comuna y, de esta forma, entregarles herramientas para desenvolverse, con \u00e9xito, en la sociedad. Posteriormente, en el a\u00f1o 1966, alberga en sus aulas tanto a damas como a varones, convirti\u00e9ndose as\u00ed en un colegio mixto.<\/p><p>El sector en que se encuentra ubicado, est\u00e1 completamente urbanizado, con los servicios b\u00e1sicos (alcantarillado, agua potable, luz el\u00e9ctrica, conexi\u00f3n a internet) y cuenta con todas sus calles y pasajes pavimentados. El sector en la parte de desarrollo cultural y social cuenta con el Liceo Misael Lobos, Sede de la Universidad Metropolitana, Cuerpo de bomberos, Clubes deportivos, Casa de la cueca y otros. En lo que se refiere a la seguridad ciudadana, cuenta con la 2da Comisar\u00eda de Carabineros en directa relaci\u00f3n con la Unidad Educativa. En el \u00c1rea laboral y productiva en nuestro sector existen fuentes laborales como: supermercados, pero a nivel Comunal se cuenta con las Industrias Nestl\u00e9, Indura, Industria Vitivin\u00edcola, frut\u00edcolas, av\u00edcolas, huertos, comercio variado, esto no implica que la poblaci\u00f3n tenga trabajo estable, ya que existe un gran n\u00famero de personas que trabajan en forma temporal (\u00e9pocas productivas de la actividad agro frut\u00edcola). Tras funcionar 82 a\u00f1os como establecimiento p\u00fablico, dependiente del MINEDUC, a contar del 01 de diciembre de 1981, el colegio es traspasado a la administraci\u00f3n municipal, la que se ejerce a trav\u00e9s de un DAEM.<\/p><p>En la actualidad, imparte educaci\u00f3n Pre B\u00e1sica, Educaci\u00f3n B\u00e1sica completa y ense\u00f1anza Media cient\u00edfico humanista en primero y segundo medio y Ense\u00f1anza Media diferencial, T\u00e9cnico Profesional en las especialidades de programaci\u00f3n T\u00e9cnico en Enfermer\u00eda. Niveles que se encuentran adscritos a la Jornada Escolar Completa. Consta de una matr\u00edcula aproximada de 450 alumnos y alumnas distribuidos en 16 cursos. Cuenta con un espacio total de 6.250 m2. Aproximadamente, de los cuales un 60 % est\u00e1n destinados a patios y \u00e1reas verdes para la recreaci\u00f3n de sus alumnos. El colegio cuenta con tres pabellones de un piso y un edificio de construcci\u00f3n s\u00f3lida y moderna arquitectura de dos pisos, contempla 23 salas de clases, adem\u00e1s de otras dependencias como sala de profesores, laboratorios de computaci\u00f3n para la especialidad de PROGRAMACI\u00d3N, laboratorio de Ciencias, laboratorio para la especialidad de ATENCI\u00d3N EN ENFERMER\u00cdA y Biblioteca. Oficinas: Director, UTP, Inspector General, Secretar\u00eda; comedores para profesores y alumnos, servicios higi\u00e9nicos, bodegas, etc. todo al servicio del proceso educativo del Colegio. Cuenta con una matr\u00edcula promedio anual de 450 alumnos y alumnas, distribuidos en cursos simples que van desde NT1 a 4\u00b0 a\u00f1o\u00a0 T\u00e9cnico Nivel Medio Profesional.<\/p><p>Los cursos son atendidos por docentes profesionales titulados, que desarrollan su trabajo con dedicaci\u00f3n y de acuerdo a sus capacidades personales y profesionales y siguiendo los lineamientos del Ministerio de Educaci\u00f3n a trav\u00e9s de sus Planes y Programas. Los Padres y Apoderados colaboran con el trabajo del Colegio, de acuerdo a las posibilidades que se les ofrece y a su compromiso con la educaci\u00f3n de sus hijos. Esta comunidad educativa est\u00e1 conformada por personas que provienen de diversos sectores y poblaciones del entorno del establecimiento. La comunidad circundante se caracteriza por ser de un nivel socioecon\u00f3mico medio bajo y de escasos recursos econ\u00f3micos, apreci\u00e1ndose que muchos alumnos forman familias de temporeros.<\/p><p>El colegio se rige por los Planes y Programas del Ministerio de Educaci\u00f3n en todos sus niveles, modalidades y cursos, cumpliendo todas las disposiciones legales vigentes y participando en variados Programas del MINEDUC y de proyectos e iniciativas que se ofrecen a nivel comunal.<\/p>\t\t\t\t\t\t\t\t<\/div>\n\t\t\t\t<\/div>\n\t\t\t\t<div class=\"elementor-element elementor-element-09f55c1 elementor-widget-divider--view-line_icon elementor-view-default elementor-widget-divider--element-align-center elementor-widget elementor-widget-divider\" data-id=\"09f55c1\" data-element_type=\"widget\" data-widget_type=\"divider.default\">\n\t\t\t\t<div class=\"elementor-widget-container\">\n\t\t\t\t\t\t\t<div class=\"elementor-divider\">\n\t\t\t<span class=\"elementor-divider-separator\">\n\t\t\t\t\t\t\t<div class=\"elementor-icon elementor-divider__element\">\n\t\t\t\t\t<svg aria-hidden=\"true\" class=\"e-font-icon-svg e-fas-school\" viewBox=\"0 0 640 512\" xmlns=\"http:\/\/www.w3.org\/2000\/svg\"><path d=\"M0 224v272c0 8.84 7.16 16 16 16h80V192H32c-17.67 0-32 14.33-32 32zm360-48h-24v-40c0-4.42-3.58-8-8-8h-16c-4.42 0-8 3.58-8 8v64c0 4.42 3.58 8 8 8h48c4.42 0 8-3.58 8-8v-16c0-4.42-3.58-8-8-8zm137.75-63.96l-160-106.67a32.02 32.02 0 0 0-35.5 0l-160 106.67A32.002 32.002 0 0 0 128 138.66V512h128V368c0-8.84 7.16-16 16-16h96c8.84 0 16 7.16 16 16v144h128V138.67c0-10.7-5.35-20.7-14.25-26.63zM320 256c-44.18 0-80-35.82-80-80s35.82-80 80-80 80 35.82 80 80-35.82 80-80 80zm288-64h-64v320h80c8.84 0 16-7.16 16-16V224c0-17.67-14.33-32-32-32z\"><\/path><\/svg><\/div>\n\t\t\t\t\t\t<\/span>\n\t\t<\/div>\n\t\t\t\t\t\t<\/div>\n\t\t\t\t<\/div>\n\t\t\t\t\t<\/div>\n\t\t\t\t<\/div>\n\t\t<div class=\"elementor-element elementor-element-86b6cf6 e-flex e-con-boxed e-con e-parent\" data-id=\"86b6cf6\" data-element_type=\"container\">\n\t\t\t\t\t<div class=\"e-con-inner\">\n\t\t\t\t<div class=\"elementor-element elementor-element-9ef0927 elementor-flip-box--effect-flip elementor-flip-box--direction-up elementor-widget elementor-widget-flip-box\" data-id=\"9ef0927\" data-element_type=\"widget\" data-widget_type=\"flip-box.default\">\n\t\t\t\t<div class=\"elementor-widget-container\">\n\t\t\t\t\t\t\t<div class=\"elementor-flip-box\" tabindex=\"0\">\n\t\t\t<div class=\"elementor-flip-box__layer elementor-flip-box__front\">\n\t\t\t\t<div class=\"elementor-flip-box__layer__overlay\">\n\t\t\t\t\t<div class=\"elementor-flip-box__layer__inner\">\n\t\t\t\t\t\t\t\t\t\t\t\t\t<div class=\"elementor-icon-wrapper elementor-view-default\">\n\t\t\t\t\t\t\t\t<div class=\"elementor-icon\">\n\t\t\t\t\t\t\t\t\t<svg class=\"e-font-icon-svg e-far-flag\" viewBox=\"0 0 512 512\" xmlns=\"http:\/\/www.w3.org\/2000\/svg\"><path d=\"M336.174 80c-49.132 0-93.305-32-161.913-32-31.301 0-58.303 6.482-80.721 15.168a48.04 48.04 0 0 0 2.142-20.727C93.067 19.575 74.167 1.594 51.201.104 23.242-1.71 0 20.431 0 48c0 17.764 9.657 33.262 24 41.562V496c0 8.837 7.163 16 16 16h16c8.837 0 16-7.163 16-16v-83.443C109.869 395.28 143.259 384 199.826 384c49.132 0 93.305 32 161.913 32 58.479 0 101.972-22.617 128.548-39.981C503.846 367.161 512 352.051 512 335.855V95.937c0-34.459-35.264-57.768-66.904-44.117C409.193 67.309 371.641 80 336.174 80zM464 336c-21.783 15.412-60.824 32-102.261 32-59.945 0-102.002-32-161.913-32-43.361 0-96.379 9.403-127.826 24V128c21.784-15.412 60.824-32 102.261-32 59.945 0 102.002 32 161.913 32 43.271 0 96.32-17.366 127.826-32v240z\"><\/path><\/svg>\t\t\t\t\t\t\t\t<\/div>\n\t\t\t\t\t\t\t<\/div>\n\t\t\t\t\t\t\n\t\t\t\t\t\t\t\t\t\t\t\t\t<h3 class=\"elementor-flip-box__layer__title\">\n\t\t\t\t\t\t\t\tMISION\t\t\t\t\t\t\t<\/h3>\n\t\t\t\t\t\t\n\t\t\t\t\t\t\t\t\t\t\t<\/div>\n\t\t\t\t<\/div>\n\t\t\t<\/div>\n\t\t\t<div class=\"elementor-flip-box__layer elementor-flip-box__back\">\n\t\t\t<div class=\"elementor-flip-box__layer__overlay\">\n\t\t\t\t<div class=\"elementor-flip-box__layer__inner\">\n\t\t\t\t\t\t\t\t\t\t\t<h3 class=\"elementor-flip-box__layer__title\">\n\t\t\t\t\t\t\tMision\t\t\t\t\t\t<\/h3>\n\t\t\t\t\t\n\t\t\t\t\t\t\t\t\t\t\t<div class=\"elementor-flip-box__layer__description\">\n\t\t\t\t\t\t\tEl Colegio Sixto M\u00e9ndez Parada prepara estudiantes para el siglo XXI, a traves de metodologias diversificadas que permiten desarrollar destrezas, habilidades y competencias; en el marco de una formacion valorica y civica, en el area de la salud y tecnologia, para enfrentar de manera responsable y comprometida el ingreso al mundo laboral y\/o a la continuacion de estudios superiores.\t\t\t\t\t\t<\/div>\n\t\t\t\t\t\n\t\t\t\t\t\t\t\t<\/div>\n\t\t<\/div>\n\t\t<\/div>\n\t\t<\/div>\n\t\t\t\t\t\t<\/div>\n\t\t\t\t<\/div>\n\t\t\t\t\t<\/div>\n\t\t\t\t<\/div>\n\t\t<div class=\"elementor-element elementor-element-2dbc60b e-flex e-con-boxed e-con e-parent\" data-id=\"2dbc60b\" data-element_type=\"container\">\n\t\t\t\t\t<div class=\"e-con-inner\">\n\t\t\t\t<div class=\"elementor-element elementor-element-354ba65 elementor-flip-box--effect-flip elementor-flip-box--direction-up elementor-widget elementor-widget-flip-box\" data-id=\"354ba65\" data-element_type=\"widget\" data-widget_type=\"flip-box.default\">\n\t\t\t\t<div class=\"elementor-widget-container\">\n\t\t\t\t\t\t\t<div class=\"elementor-flip-box\" tabindex=\"0\">\n\t\t\t<div class=\"elementor-flip-box__layer elementor-flip-box__front\">\n\t\t\t\t<div class=\"elementor-flip-box__layer__overlay\">\n\t\t\t\t\t<div class=\"elementor-flip-box__layer__inner\">\n\t\t\t\t\t\t\t\t\t\t\t\t\t<div class=\"elementor-icon-wrapper elementor-view-default\">\n\t\t\t\t\t\t\t\t<div class=\"elementor-icon\">\n\t\t\t\t\t\t\t\t\t<svg class=\"e-font-icon-svg e-fas-award\" viewBox=\"0 0 384 512\" xmlns=\"http:\/\/www.w3.org\/2000\/svg\"><path d=\"M97.12 362.63c-8.69-8.69-4.16-6.24-25.12-11.85-9.51-2.55-17.87-7.45-25.43-13.32L1.2 448.7c-4.39 10.77 3.81 22.47 15.43 22.03l52.69-2.01L105.56 507c8 8.44 22.04 5.81 26.43-4.96l52.05-127.62c-10.84 6.04-22.87 9.58-35.31 9.58-19.5 0-37.82-7.59-51.61-21.37zM382.8 448.7l-45.37-111.24c-7.56 5.88-15.92 10.77-25.43 13.32-21.07 5.64-16.45 3.18-25.12 11.85-13.79 13.78-32.12 21.37-51.62 21.37-12.44 0-24.47-3.55-35.31-9.58L252 502.04c4.39 10.77 18.44 13.4 26.43 4.96l36.25-38.28 52.69 2.01c11.62.44 19.82-11.27 15.43-22.03zM263 340c15.28-15.55 17.03-14.21 38.79-20.14 13.89-3.79 24.75-14.84 28.47-28.98 7.48-28.4 5.54-24.97 25.95-45.75 10.17-10.35 14.14-25.44 10.42-39.58-7.47-28.38-7.48-24.42 0-52.83 3.72-14.14-.25-29.23-10.42-39.58-20.41-20.78-18.47-17.36-25.95-45.75-3.72-14.14-14.58-25.19-28.47-28.98-27.88-7.61-24.52-5.62-44.95-26.41-10.17-10.35-25-14.4-38.89-10.61-27.87 7.6-23.98 7.61-51.9 0-13.89-3.79-28.72.25-38.89 10.61-20.41 20.78-17.05 18.8-44.94 26.41-13.89 3.79-24.75 14.84-28.47 28.98-7.47 28.39-5.54 24.97-25.95 45.75-10.17 10.35-14.15 25.44-10.42 39.58 7.47 28.36 7.48 24.4 0 52.82-3.72 14.14.25 29.23 10.42 39.59 20.41 20.78 18.47 17.35 25.95 45.75 3.72 14.14 14.58 25.19 28.47 28.98C104.6 325.96 106.27 325 121 340c13.23 13.47 33.84 15.88 49.74 5.82a39.676 39.676 0 0 1 42.53 0c15.89 10.06 36.5 7.65 49.73-5.82zM97.66 175.96c0-53.03 42.24-96.02 94.34-96.02s94.34 42.99 94.34 96.02-42.24 96.02-94.34 96.02-94.34-42.99-94.34-96.02z\"><\/path><\/svg>\t\t\t\t\t\t\t\t<\/div>\n\t\t\t\t\t\t\t<\/div>\n\t\t\t\t\t\t\n\t\t\t\t\t\t\t\t\t\t\t\t\t<h3 class=\"elementor-flip-box__layer__title\">\n\t\t\t\t\t\t\t\tVISION\t\t\t\t\t\t\t<\/h3>\n\t\t\t\t\t\t\n\t\t\t\t\t\t\t\t\t\t\t<\/div>\n\t\t\t\t<\/div>\n\t\t\t<\/div>\n\t\t\t<div class=\"elementor-flip-box__layer elementor-flip-box__back\">\n\t\t\t<div class=\"elementor-flip-box__layer__overlay\">\n\t\t\t\t<div class=\"elementor-flip-box__layer__inner\">\n\t\t\t\t\t\t\t\t\t\t\t<h3 class=\"elementor-flip-box__layer__title\">\n\t\t\t\t\t\t\tVision\t\t\t\t\t\t<\/h3>\n\t\t\t\t\t\n\t\t\t\t\t\t\t\t\t\t\t<div class=\"elementor-flip-box__layer__description\">\n\t\t\t\t\t\t\tEl Colegio Sixto M\u00e9ndez Parada es una comunidad educativa inclusiva, que forma estudiantes con competencias para el siglo XXI, con formacion val\u00f3rica, ciudadana y habilidades t\u00e9cnicas, para responder positivamente a una sociedad desafiante y din\u00e1mica.\t\t\t\t\t\t<\/div>\n\t\t\t\t\t\n\t\t\t\t\t\t\t\t<\/div>\n\t\t<\/div>\n\t\t<\/div>\n\t\t<\/div>\n\t\t\t\t\t\t<\/div>\n\t\t\t\t<\/div>\n\t\t\t\t\t<\/div>\n\t\t\t\t<\/div>\n\t\t<div class=\"elementor-element elementor-element-6aab42b e-con-full e-flex e-con e-parent\" data-id=\"6aab42b\" data-element_type=\"container\">\n\t\t\t\t<div class=\"elementor-element elementor-element-bf1d2ce elementor-widget-divider--view-line_icon elementor-view-default elementor-widget-divider--element-align-center elementor-widget elementor-widget-divider\" data-id=\"bf1d2ce\" data-element_type=\"widget\" data-widget_type=\"divider.default\">\n\t\t\t\t<div class=\"elementor-widget-container\">\n\t\t\t\t\t\t\t<div class=\"elementor-divider\">\n\t\t\t<span class=\"elementor-divider-separator\">\n\t\t\t\t\t\t\t<div class=\"elementor-icon elementor-divider__element\">\n\t\t\t\t\t<svg aria-hidden=\"true\" class=\"e-font-icon-svg e-fas-music\" viewBox=\"0 0 512 512\" xmlns=\"http:\/\/www.w3.org\/2000\/svg\"><path d=\"M470.38 1.51L150.41 96A32 32 0 0 0 128 126.51v261.41A139 139 0 0 0 96 384c-53 0-96 28.66-96 64s43 64 96 64 96-28.66 96-64V214.32l256-75v184.61a138.4 138.4 0 0 0-32-3.93c-53 0-96 28.66-96 64s43 64 96 64 96-28.65 96-64V32a32 32 0 0 0-41.62-30.49z\"><\/path><\/svg><\/div>\n\t\t\t\t\t\t<\/span>\n\t\t<\/div>\n\t\t\t\t\t\t<\/div>\n\t\t\t\t<\/div>\n\t\t\t\t<div class=\"elementor-element elementor-element-fc2c562 elementor-position-top elementor-widget elementor-widget-image-box\" data-id=\"fc2c562\" data-element_type=\"widget\" data-widget_type=\"image-box.default\">\n\t\t\t\t<div class=\"elementor-widget-container\">\n\t\t\t\t\t<div class=\"elementor-image-box-wrapper\"><figure class=\"elementor-image-box-img\"><img fetchpriority=\"high\" decoding=\"async\" width=\"512\" height=\"512\" src=\"https:\/\/www.colegiosixtomendez.cl\/wp-content\/uploads\/2023\/11\/cropped-Insignia_250x250-1.png\" class=\"attachment-full size-full wp-image-32\" alt=\"\" srcset=\"https:\/\/www.colegiosixtomendez.cl\/wp-content\/uploads\/2023\/11\/cropped-Insignia_250x250-1.png 512w, https:\/\/www.colegiosixtomendez.cl\/wp-content\/uploads\/2023\/11\/cropped-Insignia_250x250-1-300x300.png 300w, https:\/\/www.colegiosixtomendez.cl\/wp-content\/uploads\/2023\/11\/cropped-Insignia_250x250-1-150x150.png 150w, https:\/\/www.colegiosixtomendez.cl\/wp-content\/uploads\/2023\/11\/cropped-Insignia_250x250-1-270x270.png 270w, https:\/\/www.colegiosixtomendez.cl\/wp-content\/uploads\/2023\/11\/cropped-Insignia_250x250-1-192x192.png 192w, https:\/\/www.colegiosixtomendez.cl\/wp-content\/uploads\/2023\/11\/cropped-Insignia_250x250-1-180x180.png 180w, https:\/\/www.colegiosixtomendez.cl\/wp-content\/uploads\/2023\/11\/cropped-Insignia_250x250-1-32x32.png 32w\" sizes=\"(max-width: 512px) 100vw, 512px\" \/><\/figure><div class=\"elementor-image-box-content\"><h3 class=\"elementor-image-box-title\">Himno del establecimiento<br><\/h3><\/div><\/div>\t\t\t\t<\/div>\n\t\t\t\t<\/div>\n\t\t\t\t<\/div>\n\t\t<div class=\"elementor-element elementor-element-881b43a e-flex e-con-boxed e-con e-parent\" data-id=\"881b43a\" data-element_type=\"container\">\n\t\t\t\t\t<div class=\"e-con-inner\">\n\t\t\t\t<div class=\"elementor-element elementor-element-65f20c7 elementor-widget elementor-widget-text-editor\" data-id=\"65f20c7\" data-element_type=\"widget\" data-widget_type=\"text-editor.default\">\n\t\t\t\t<div class=\"elementor-widget-container\">\n\t\t\t\t\t\t\t\t\t<p style=\"text-align: center;\">En una vieja casa,<br \/>te vieron nacer,<br \/>con pocos elementos,<br \/>te diste a la tarea de educar.<br \/>Maestros visionarios,<br \/>guiaron tu labor,<br \/>por sendas de grandeza,<br \/>Graneros conoce y conoci\u00f3.<\/p><p style=\"text-align: center;\">Escuela 36, ense\u00f1as el amor,<br \/>El mundo y sus misterios<br \/>Descubres con facilidad.<\/p><p style=\"text-align: center;\">Escuela 36 calor de un gran hogar,<br \/>De ni\u00f1os nos tomaste,<br \/>ya j\u00f3venes nos ves marchar.<\/p><p style=\"text-align: center;\">El brillo de tu estrella,<br \/>nos muestra el caminar,<br \/>con fe y esperanza,<br \/>en un brillante porvenir.<br \/>No temas al trabajo,<br \/>lo enfrentas con ardor.<br \/>Y sabes de antemano,<br \/>que solo el recuerdo quedar\u00e1.<\/p><p style=\"text-align: center;\">Escuela 36, ense\u00f1as el amor,<br \/>El mundo y sus misterios<br \/>Descubres con facilidad.<br \/>Escuela 36 calor de un gran hogar,<br \/>De ni\u00f1os nos tomaste,<br \/>ya j\u00f3venes nos ves marchar.<\/p>\t\t\t\t\t\t\t\t<\/div>\n\t\t\t\t<\/div>\n\t\t\t\t<div class=\"elementor-element elementor-element-10325a1 elementor-widget elementor-widget-wp-widget-media_audio\" data-id=\"10325a1\" data-element_type=\"widget\" data-widget_type=\"wp-widget-media_audio.default\">\n\t\t\t\t<div class=\"elementor-widget-container\">\n\t\t\t\t\t<!--[if lt IE 9]><script>document.createElement('audio');<\/script><![endif]-->\n<audio class=\"wp-audio-shortcode\" id=\"audio-10-1\" preload=\"none\" style=\"width: 100%;\" controls=\"controls\"><source type=\"audio\/mpeg\" src=\"https:\/\/www.colegiosixtomendez.cl\/wp-content\/uploads\/2025\/03\/Himno-Colegio-Sixto-Mendez-Parada-2024.mp3?_=1\" \/><source type=\"audio\/mpeg\" src=\"https:\/\/www.colegiosixtomendez.cl\/wp-content\/uploads\/2025\/03\/Himno-Colegio-Sixto-Mendez-Parada-2024.mp3?_=1\" \/><a href=\"https:\/\/www.colegiosixtomendez.cl\/wp-content\/uploads\/2025\/03\/Himno-Colegio-Sixto-Mendez-Parada-2024.mp3\">https:\/\/www.colegiosixtomendez.cl\/wp-content\/uploads\/2025\/03\/Himno-Colegio-Sixto-Mendez-Parada-2024.mp3<\/a><\/audio>\t\t\t\t<\/div>\n\t\t\t\t<\/div>\n\t\t\t\t\t<\/div>\n\t\t\t\t<\/div>\n\t\t<div class=\"elementor-element elementor-element-02160fc e-grid e-con-boxed e-con e-parent\" data-id=\"02160fc\" data-element_type=\"container\">\n\t\t\t\t\t<div class=\"e-con-inner\">\n\t\t\t\t<div class=\"elementor-element elementor-element-0444324 elementor-widget elementor-widget-image\" data-id=\"0444324\" data-element_type=\"widget\" data-widget_type=\"image.default\">\n\t\t\t\t<div class=\"elementor-widget-container\">\n\t\t\t\t\t\t\t\t\t\t\t\t<figure class=\"wp-caption\">\n\t\t\t\t\t\t\t\t\t\t\t<a href=\"https:\/\/calendar.google.com\/calendar\/embed?src=c_e1b6f00a43880b845bba3d689e1aec81b9ae30e93103b2c99ffffb378f6106c3%40group.calendar.google.com&#038;ctz=America%2FSantiago\">\n\t\t\t\t\t\t\t<img decoding=\"async\" width=\"150\" height=\"150\" src=\"https:\/\/www.colegiosixtomendez.cl\/wp-content\/uploads\/2025\/03\/calendario-150x150.png\" class=\"attachment-thumbnail size-thumbnail wp-image-514\" alt=\"\" srcset=\"https:\/\/www.colegiosixtomendez.cl\/wp-content\/uploads\/2025\/03\/calendario-150x150.png 150w, https:\/\/www.colegiosixtomendez.cl\/wp-content\/uploads\/2025\/03\/calendario-300x300.png 300w, https:\/\/www.colegiosixtomendez.cl\/wp-content\/uploads\/2025\/03\/calendario.png 512w\" sizes=\"(max-width: 150px) 100vw, 150px\" \/>\t\t\t\t\t\t\t\t<\/a>\n\t\t\t\t\t\t\t\t\t\t\t<figcaption class=\"widget-image-caption wp-caption-text\">Calendario de Actividades Escolares<\/figcaption>\n\t\t\t\t\t\t\t\t\t\t<\/figure>\n\t\t\t\t\t\t\t\t\t<\/div>\n\t\t\t\t<\/div>\n\t\t\t\t\t<\/div>\n\t\t\t\t<\/div>\n\t\t\t\t<\/div>\n\t\t","protected":false},"excerpt":{"rendered":"<p>El Colegio Sixto M\u00e9ndez Parada se encuentra ubicado en la comuna de Graneros, Guillermo Berr\u00edos 236, Provincia de Cachapoal, Regi\u00f3n del Libertador Bernardo O\u2019Higgins. Su g\u00e9nesis se remonta al a\u00f1o 1899 y su objetivo era brindar, en una primera instancia, educaci\u00f3n de calidad a todo var\u00f3n de la comuna y, de esta forma, entregarles herramientas [&hellip;]<\/p>\n","protected":false},"author":1,"featured_media":0,"parent":0,"menu_order":0,"comment_status":"closed","ping_status":"closed","template":"","meta":{"footnotes":""},"class_list":["post-10","page","type-page","status-publish","hentry"],"_links":{"self":[{"href":"https:\/\/www.colegiosixtomendez.cl\/index.php?rest_route=\/wp\/v2\/pages\/10","targetHints":{"allow":["GET"]}}],"collection":[{"href":"https:\/\/www.colegiosixtomendez.cl\/index.php?rest_route=\/wp\/v2\/pages"}],"about":[{"href":"https:\/\/www.colegiosixtomendez.cl\/index.php?rest_route=\/wp\/v2\/types\/page"}],"author":[{"embeddable":true,"href":"https:\/\/www.colegiosixtomendez.cl\/index.php?rest_route=\/wp\/v2\/users\/1"}],"replies":[{"embeddable":true,"href":"https:\/\/www.colegiosixtomendez.cl\/index.php?rest_route=%2Fwp%2Fv2%2Fcomments&post=10"}],"version-history":[{"count":70,"href":"https:\/\/www.colegiosixtomendez.cl\/index.php?rest_route=\/wp\/v2\/pages\/10\/revisions"}],"predecessor-version":[{"id":517,"href":"https:\/\/www.colegiosixtomendez.cl\/index.php?rest_route=\/wp\/v2\/pages\/10\/revisions\/517"}],"wp:attachment":[{"href":"https:\/\/www.colegiosixtomendez.cl\/index.php?rest_route=%2Fwp%2Fv2%2Fmedia&parent=10"}],"curies":[{"name":"wp","href":"https:\/\/api.w.org\/{rel}","templated":true}]}}